{"id":1724,"date":"2024-11-10T15:56:21","date_gmt":"2024-11-10T15:56:21","guid":{"rendered":"https:\/\/hiptewop.org\/?page_id=1724"},"modified":"2025-03-15T00:21:03","modified_gmt":"2025-03-15T00:21:03","slug":"our-vision-and-values","status":"publish","type":"page","link":"https:\/\/hiptewop.org\/fr\/our-vision-and-values\/","title":{"rendered":"Our Vision and Values"},"content":{"rendered":"<div data-elementor-type=\"wp-page\" data-elementor-id=\"1724\" class=\"elementor elementor-1724\">\n\t\t\t\t\t\t<section class=\"elementor-section elementor-top-section elementor-element elementor-element-1445e118 elementor-section-boxed elementor-section-height-default elementor-section-height-default\" data-id=\"1445e118\" data-element_type=\"section\" data-settings=\"{&quot;background_background&quot;:&quot;classic&quot;}\">\n\t\t\t\t\t\t<div class=\"elementor-container elementor-column-gap-default\">\n\t\t\t\t\t<div class=\"elementor-column elementor-col-50 elementor-top-column elementor-element elementor-element-583d8fed\" data-id=\"583d8fed\" data-element_type=\"column\">\n\t\t\t<div class=\"elementor-widget-wrap elementor-element-populated\">\n\t\t\t\t\t\t<div class=\"elementor-element elementor-element-674b82ff elementor-widget elementor-widget-gva-image-content\" data-id=\"674b82ff\" data-element_type=\"widget\" data-widget_type=\"gva-image-content.default\">\n\t\t\t\t<div class=\"elementor-widget-container\">\n\t\t\t<div class=\"gva-element-gva-image-content gva-element\">\t\t\r\n\t  \r\n\t \r\n\r\n\t\t\t<div class=\"gsc-image-content skin-v2\">\r\n\t\t  \r\n\t\t  \t\t\t <div class=\"image\">\r\n\t\t\t\t\t\t  <a href=\"#\">\r\n\t\t\t <img decoding=\"async\" src=\"https:\/\/hiptewop.org\/wp-content\/plugins\/paroti-themer\/elementor\/assets\/images\/image-1.jpg\" alt=\"\" \/>\t\t  <\/a>\r\n\t\t    \r\n\t\t\t <\/div>\r\n\t\t  \r\n\t\t  \t\t\t <div class=\"image-second\">\r\n\t\t\t\t<div class=\"image-second-inner\">\r\n\t\t\t\t  \t\t  <a href=\"#\">\r\n\t\t\t <img decoding=\"async\" src=\"https:\/\/hiptewop.org\/wp-content\/plugins\/paroti-themer\/elementor\/assets\/images\/image-2.jpg\" alt=\"\" \/>\t\t  <\/a>\r\n\t\t    \r\n\t\t\t\t<\/div>  \r\n\t\t\t <\/div>\r\n\t\t  \t\t<\/div>\r\n\t \r\n\r\n\t\r\n \r\n  \r\n <\/div>\t\t<\/div>\n\t\t\t\t<\/div>\n\t\t\t\t\t<\/div>\n\t\t<\/div>\n\t\t\t\t<div class=\"elementor-column elementor-col-50 elementor-top-column elementor-element elementor-element-5ad40fdf\" data-id=\"5ad40fdf\" data-element_type=\"column\">\n\t\t\t<div class=\"elementor-widget-wrap elementor-element-populated\">\n\t\t\t\t\t\t<div class=\"elementor-element elementor-element-60682c44 elementor-widget elementor-widget-gva-heading-block\" data-id=\"60682c44\" data-element_type=\"widget\" data-settings=\"{&quot;_animation&quot;:&quot;none&quot;}\" data-widget_type=\"gva-heading-block.default\">\n\t\t\t\t<div class=\"elementor-widget-container\">\n\t\t\t<div class=\"gva-element-gva-heading-block gva-element\">   <div class=\"align-left style-1 widget gsc-heading box-align-left auto-responsive\">\r\n      <div class=\"content-inner\">\r\n         \r\n                  \r\n           \r\n         \r\n                     <h2 class=\"title\">\r\n               <span>Notre Vision<\/span>\r\n            <\/h2>\r\n                  \r\n         \r\n         \r\n      <\/div>\r\n   <\/div>\r\n<\/div>\t\t<\/div>\n\t\t\t\t<\/div>\n\t\t\t\t<div class=\"elementor-element elementor-element-13518bfc elementor-widget elementor-widget-text-editor\" data-id=\"13518bfc\" data-element_type=\"widget\" data-widget_type=\"text-editor.default\">\n\t\t\t\t<div class=\"elementor-widget-container\">\n\t\t\t\t\t\t\t<p>Notre vision est celle d'un monde o\u00f9 chaque enfant, ind\u00e9pendamment des circonstances de forces majeures que la vie lui fait subir a droit \u00e0 une enfance et une adolescence pleinement \u00e9panouie.<\/p><p>Nous pensons que chaque enfant m\u00e9rite un avenir rempli d'espoir, d'\u00e9ducation et de bonne sant\u00e9. Notre mission est de contribuer \u00e0 autonomiser les enfants d\u00e9favoris\u00e9s en leur donnant acc\u00e8s \u00e0 l'\u00e9ducation, aux soins de sant\u00e9 et aux ressources essentielles. Nous croyons au pouvoir de la compassion, de l'\u00e9galit\u00e9 et de l\u2019entraide pour transformer les vies.<\/p>\t\t\t\t\t\t<\/div>\n\t\t\t\t<\/div>\n\t\t\t\t\t<\/div>\n\t\t<\/div>\n\t\t\t\t\t<\/div>\n\t\t<\/section>\n\t\t\t\t<\/div>","protected":false},"excerpt":{"rendered":"<p>Our Vision Our vision is a world where every child, regardless of the major circumstances of force that life throws at them, has the right to a fully fulfilled childhood and adolescence. We believe that every child deserves a future filled with hope, education and good health. Our mission is to help empower disadvantaged children [&hellip;]<\/p>","protected":false},"author":1,"featured_media":0,"parent":0,"menu_order":0,"comment_status":"closed","ping_status":"closed","template":"elementor_header_footer","meta":{"footnotes":""},"class_list":["post-1724","page","type-page","status-publish","hentry"],"_links":{"self":[{"href":"https:\/\/hiptewop.org\/fr\/wp-json\/wp\/v2\/pages\/1724"}],"collection":[{"href":"https:\/\/hiptewop.org\/fr\/wp-json\/wp\/v2\/pages"}],"about":[{"href":"https:\/\/hiptewop.org\/fr\/wp-json\/wp\/v2\/types\/page"}],"author":[{"embeddable":true,"href":"https:\/\/hiptewop.org\/fr\/wp-json\/wp\/v2\/users\/1"}],"replies":[{"embeddable":true,"href":"https:\/\/hiptewop.org\/fr\/wp-json\/wp\/v2\/comments?post=1724"}],"version-history":[{"count":7,"href":"https:\/\/hiptewop.org\/fr\/wp-json\/wp\/v2\/pages\/1724\/revisions"}],"predecessor-version":[{"id":1787,"href":"https:\/\/hiptewop.org\/fr\/wp-json\/wp\/v2\/pages\/1724\/revisions\/1787"}],"wp:attachment":[{"href":"https:\/\/hiptewop.org\/fr\/wp-json\/wp\/v2\/media?parent=1724"}],"curies":[{"name":"wp","href":"https:\/\/api.w.org\/{rel}","templated":true}]}}