{"id":1791,"date":"2025-03-15T00:29:09","date_gmt":"2025-03-15T00:29:09","guid":{"rendered":"https:\/\/hiptewop.org\/?page_id=1791"},"modified":"2025-03-15T00:32:37","modified_gmt":"2025-03-15T00:32:37","slug":"our-values","status":"publish","type":"page","link":"https:\/\/hiptewop.org\/fr\/our-values\/","title":{"rendered":"Nos Valeurs"},"content":{"rendered":"<div data-elementor-type=\"wp-page\" data-elementor-id=\"1791\" class=\"elementor elementor-1791\">\n\t\t\t\t\t\t<section class=\"elementor-section elementor-top-section elementor-element elementor-element-1f639e46 elementor-section-boxed elementor-section-height-default elementor-section-height-default\" data-id=\"1f639e46\" data-element_type=\"section\" data-settings=\"{&quot;background_background&quot;:&quot;classic&quot;}\">\n\t\t\t\t\t\t<div class=\"elementor-container elementor-column-gap-default\">\n\t\t\t\t\t<div class=\"elementor-column elementor-col-50 elementor-top-column elementor-element elementor-element-7e5e0cb8\" data-id=\"7e5e0cb8\" data-element_type=\"column\">\n\t\t\t<div class=\"elementor-widget-wrap elementor-element-populated\">\n\t\t\t\t\t\t<div class=\"elementor-element elementor-element-16cb98c7 elementor-widget elementor-widget-gva-image-content\" data-id=\"16cb98c7\" data-element_type=\"widget\" data-widget_type=\"gva-image-content.default\">\n\t\t\t\t<div class=\"elementor-widget-container\">\n\t\t\t<div class=\"gva-element-gva-image-content gva-element\">\t\t\r\n\t  \r\n\t \r\n\r\n\t\t\t<div class=\"gsc-image-content skin-v2\">\r\n\t\t  \r\n\t\t  \t\t\t <div class=\"image\">\r\n\t\t\t\t\t\t  <a href=\"#\">\r\n\t\t\t <img decoding=\"async\" src=\"https:\/\/hiptewop.org\/wp-content\/plugins\/paroti-themer\/elementor\/assets\/images\/image-1.jpg\" alt=\"\" \/>\t\t  <\/a>\r\n\t\t    \r\n\t\t\t <\/div>\r\n\t\t  \r\n\t\t  \t\t\t <div class=\"image-second\">\r\n\t\t\t\t<div class=\"image-second-inner\">\r\n\t\t\t\t  \t\t  <a href=\"#\">\r\n\t\t\t <img decoding=\"async\" src=\"https:\/\/hiptewop.org\/wp-content\/plugins\/paroti-themer\/elementor\/assets\/images\/image-2.jpg\" alt=\"\" \/>\t\t  <\/a>\r\n\t\t    \r\n\t\t\t\t<\/div>  \r\n\t\t\t <\/div>\r\n\t\t  \t\t<\/div>\r\n\t \r\n\r\n\t\r\n \r\n  \r\n <\/div>\t\t<\/div>\n\t\t\t\t<\/div>\n\t\t\t\t\t<\/div>\n\t\t<\/div>\n\t\t\t\t<div class=\"elementor-column elementor-col-50 elementor-top-column elementor-element elementor-element-4d338f56\" data-id=\"4d338f56\" data-element_type=\"column\">\n\t\t\t<div class=\"elementor-widget-wrap elementor-element-populated\">\n\t\t\t\t\t\t<div class=\"elementor-element elementor-element-54eb1002 elementor-widget elementor-widget-gva-heading-block\" data-id=\"54eb1002\" data-element_type=\"widget\" data-settings=\"{&quot;_animation&quot;:&quot;none&quot;}\" data-widget_type=\"gva-heading-block.default\">\n\t\t\t\t<div class=\"elementor-widget-container\">\n\t\t\t<div class=\"gva-element-gva-heading-block gva-element\">   <div class=\"align-left style-1 widget gsc-heading box-align-left auto-responsive\">\r\n      <div class=\"content-inner\">\r\n         \r\n                  \r\n           \r\n         \r\n                     <h2 class=\"title\">\r\n               <span>Nos valeurs fondamentales :<\/span>\r\n            <\/h2>\r\n                  \r\n         \r\n         \r\n      <\/div>\r\n   <\/div>\r\n<\/div>\t\t<\/div>\n\t\t\t\t<\/div>\n\t\t\t\t<div class=\"elementor-element elementor-element-42f16adf elementor-widget elementor-widget-text-editor\" data-id=\"42f16adf\" data-element_type=\"widget\" data-widget_type=\"text-editor.default\">\n\t\t\t\t<div class=\"elementor-widget-container\">\n\t\t\t\t\t\t\t<p>Un ensemble de valeurs guide tout ce que nous faisons ; nous pouvons entre autres citer :<\/p><ul><li><strong>Compassion :<\/strong>La compassion est au c\u0153ur de notre mission. Nous croyons que chaque enfant m\u00e9rite prioritairement amour, soutien et protection, peu importe son origine ou sa situation. Nous nous engageons \u00e0 \u00e9couter, comprendre et de contribuer \u00e0 r\u00e9pondre aux besoins des enfants avec bienveillance et empathie. En offrant un environnement chaleureux et s\u00e9curis\u00e9, nous veillons \u00e0 contribuer \u00e0 all\u00e9ger leurs souffrances afin de leur offrir une chance de grandir avec dignit\u00e9 et s\u00e9r\u00e9nit\u00e9.<\/li><li><strong>Int\u00e9grit\u00e9 :<\/strong> L\u2019int\u00e9grit\u00e9 est une valeur fondamentale qui guide chacune de nos actions. Nous travaillons avec honn\u00eatet\u00e9, transparence et un profond respect des enfants et de leurs familles. Nous respectons nos engagements et veillons \u00e0 ce que toutes nos d\u00e9cisions soient prises dans l\u2019int\u00e9r\u00eat sup\u00e9rieur des enfants. Notre \u00e9thique rigoureuse garantit la confiance de nos donateurs, b\u00e9n\u00e9voles et partenaires.<\/li><li><strong>Autonomisation :<\/strong>Nous croyons en la capacit\u00e9 des enfants \u00e0 fa\u00e7onner leur propre avenir lorsqu\u2019ils disposent des outils n\u00e9cessaires. Nous contribuons \u00e0 ce qu\u2019ils aient \u00e0 leur disposition des ressources \u00e9ducatives, un acc\u00e8s aux soins et un accompagnement adapt\u00e9 pour les aider \u00e0 devenir des individus \u00e9panouis et ind\u00e9pendants. De plus, nous accompagnons les familles et les communaut\u00e9s afin qu\u2019elles puissent elles aussi jouer un r\u00f4le actif dans l\u2019\u00e9ducation et le bien-\u00eatre des enfants.<\/li><li><strong>Egalit\u00e9 :<\/strong>Chaque enfant a droit aux m\u00eames opportunit\u00e9s, sans distinction de sexe, d\u2019origine, de religion ou de condition sociale. Nous luttons contre toute forme de discrimination et militons pour une soci\u00e9t\u00e9 plus juste et inclusive. Nos actions visent (dans la mesure des moyens \u00e0 notre disposition) \u00e0 offrir aux enfants les m\u00eames chances de r\u00e9ussite et d\u2019\u00e9panouissement, en leur assurant un acc\u00e8s \u00e9quitable \u00e0 l\u2019\u00e9ducation, aux soins de sant\u00e9 et \u00e0 une alimentation ad\u00e9quate.<\/li><li><strong>Communaut\u00e9 :<\/strong>Nous croyons au pouvoir du collectif pour transformer des vies. En travaillant main dans la main avec diff\u00e9rentes parties prenantes (b\u00e9n\u00e9voles, donateurs, orphelinats, familles d\u2019accueil, et autre partenaires), nous b\u00e2tissons un r\u00e9seau de solidarit\u00e9 d\u00e9di\u00e9 au bien-\u00eatre des enfants. Cette collaboration renforce l\u2019impact de nos actions et permet d\u2019apporter des solutions durables aux d\u00e9fis auxquels sont confront\u00e9s les plus jeunes.<\/li><li><strong>L'espoir :<\/strong>: Nous semons l\u2019espoir dans la vie des enfants en leur offrant des perspectives d\u2019avenir meilleur. Chaque action que nous menons vise \u00e0 leur redonner le sourire, la confiance et la certitude qu\u2019un avenir prometteur est possible. Gr\u00e2ce \u00e0 l\u2019\u00e9ducation, aux soins et au soutien \u00e9motionnel, nous leur donnons la force de surmonter les \u00e9preuves et de croire en leurs r\u00eaves.<\/li><\/ul>\t\t\t\t\t\t<\/div>\n\t\t\t\t<\/div>\n\t\t\t\t\t<\/div>\n\t\t<\/div>\n\t\t\t\t\t<\/div>\n\t\t<\/section>\n\t\t\t\t<\/div>","protected":false},"excerpt":{"rendered":"<p>Our core values A set of values guides everything we do: Compassion: Compassion is at the heart of our mission. We believe that every child deserves first and foremost love, support and protection, regardless of their background or situation. We are committed to listening, understanding and helping to meet children&#8217;s needs with kindness and empathy. [&hellip;]<\/p>","protected":false},"author":1,"featured_media":0,"parent":0,"menu_order":0,"comment_status":"closed","ping_status":"closed","template":"elementor_header_footer","meta":{"footnotes":""},"class_list":["post-1791","page","type-page","status-publish","hentry"],"_links":{"self":[{"href":"https:\/\/hiptewop.org\/fr\/wp-json\/wp\/v2\/pages\/1791"}],"collection":[{"href":"https:\/\/hiptewop.org\/fr\/wp-json\/wp\/v2\/pages"}],"about":[{"href":"https:\/\/hiptewop.org\/fr\/wp-json\/wp\/v2\/types\/page"}],"author":[{"embeddable":true,"href":"https:\/\/hiptewop.org\/fr\/wp-json\/wp\/v2\/users\/1"}],"replies":[{"embeddable":true,"href":"https:\/\/hiptewop.org\/fr\/wp-json\/wp\/v2\/comments?post=1791"}],"version-history":[{"count":4,"href":"https:\/\/hiptewop.org\/fr\/wp-json\/wp\/v2\/pages\/1791\/revisions"}],"predecessor-version":[{"id":1796,"href":"https:\/\/hiptewop.org\/fr\/wp-json\/wp\/v2\/pages\/1791\/revisions\/1796"}],"wp:attachment":[{"href":"https:\/\/hiptewop.org\/fr\/wp-json\/wp\/v2\/media?parent=1791"}],"curies":[{"name":"wp","href":"https:\/\/api.w.org\/{rel}","templated":true}]}}